{"id":1572,"date":"2025-09-04T11:44:50","date_gmt":"2025-09-04T09:44:50","guid":{"rendered":"https:\/\/zadishome.com\/?post_type=product&#038;p=1572"},"modified":"2025-09-04T12:14:36","modified_gmt":"2025-09-04T10:14:36","slug":"bougie-decorative-archy-arche-en-cire-de-soja","status":"publish","type":"product","link":"https:\/\/zadishome.com\/index.php\/product\/bougie-decorative-archy-arche-en-cire-de-soja\/","title":{"rendered":"Bougie d\u00e9corative Archy \u2013 Arche en Cire de Soja"},"content":{"rendered":"<p data-start=\"179\" data-end=\"432\">Apportez une touche design et apaisante \u00e0 votre int\u00e9rieur avec la bougie Archy, une cr\u00e9ation artisanale sign\u00e9e Mi Cr\u00e9ations RX. Coul\u00e9e \u00e0 la main en cire de soja 100 % naturelle, elle combine esth\u00e9tique moderne et savoir-faire fran\u00e7ais.<\/p>\n<p data-start=\"434\" data-end=\"677\">Son format de 200 g en fait un <strong data-start=\"465\" data-end=\"487\">objet d\u00e9co raffin\u00e9<\/strong>, parfait pour sublimer un salon, une chambre ou tout espace de vie. Sa forme contemporaine et minimaliste d\u00e9passe la simple fonction de bougie et refl\u00e8te l\u2019\u00e9l\u00e9gance du fait-main fran\u00e7ais.<\/p>\n<\/p>\n<p data-start=\"679\" data-end=\"933\">Chaque bougie est fabriqu\u00e9e sur commande \u00e0 Roubaix, dans les Hauts-de-France, et disponible en exclusivit\u00e9 sur Zadishome et micreationsrx.com. <br \/>Adoptez la bougie Archy pour apporter \u00e0 votre int\u00e9rieur une atmosph\u00e8re \u00e9l\u00e9gante et apaisante.<\/p>\n","protected":false},"excerpt":{"rendered":"<p><\/p>\n","protected":false},"featured_media":1575,"comment_status":"open","ping_status":"closed","template":"","meta":{"_acf_changed":false},"product_brand":[],"product_cat":[123,121],"product_tag":[],"class_list":{"0":"post-1572","1":"product","2":"type-product","3":"status-publish","4":"has-post-thumbnail","6":"product_cat-art","7":"product_cat-maison","8":"product_shipping_class-colis-moyen","10":"first","11":"instock","12":"taxable","13":"shipping-taxable","14":"purchasable","15":"product-type-simple"},"acf":[],"yoast_head":"<!-- This site is optimized with the Yoast SEO plugin v25.7 - https:\/\/yoast.com\/wordpress\/plugins\/seo\/ -->\n<title>Bougie d\u00e9corative Archy \u2013 Arche en Cire de Soja - ZADISHOME<\/title>\n<meta name=\"description\" content=\"Bougie Archy 200g en cire de soja naturelle \u2013 Artisanat fran\u00e7ais Mi Cr\u00e9ations RX. \u00c9l\u00e9gante, moderne et \u00e9coresponsable, cette bougie design est parfaite comme objet d\u00e9co ou id\u00e9e cadeau. Disponible sur Zadishome et micreationsrx.com.\" \/>\n<meta name=\"robots\" content=\"index, follow, max-snippet:-1, max-image-preview:large, max-video-preview:-1\" \/>\n<link rel=\"canonical\" href=\"https:\/\/zadishome.com\/index.php\/product\/bougie-decorative-archy-arche-en-cire-de-soja\/\" \/>\n<meta property=\"og:locale\" content=\"fr_FR\" \/>\n<meta property=\"og:type\" content=\"article\" \/>\n<meta property=\"og:title\" content=\"Bougie d\u00e9corative Archy \u2013 Arche en Cire de Soja - ZADISHOME\" \/>\n<meta property=\"og:description\" content=\"Bougie Archy 200g en cire de soja naturelle \u2013 Artisanat fran\u00e7ais Mi Cr\u00e9ations RX. \u00c9l\u00e9gante, moderne et \u00e9coresponsable, cette bougie design est parfaite comme objet d\u00e9co ou id\u00e9e cadeau. Disponible sur Zadishome et micreationsrx.com.\" \/>\n<meta property=\"og:url\" content=\"https:\/\/zadishome.com\/index.php\/product\/bougie-decorative-archy-arche-en-cire-de-soja\/\" \/>\n<meta property=\"og:site_name\" content=\"ZADISHOME\" \/>\n<meta property=\"article:modified_time\" content=\"2025-09-04T10:14:36+00:00\" \/>\n<meta property=\"og:image\" content=\"https:\/\/zadishome.com\/wp-content\/uploads\/2025\/09\/20250804_194722-scaled.jpg\" \/>\n\t<meta property=\"og:image:width\" content=\"1920\" \/>\n\t<meta property=\"og:image:height\" content=\"2560\" \/>\n\t<meta property=\"og:image:type\" content=\"image\/jpeg\" \/>\n<meta name=\"twitter:card\" content=\"summary_large_image\" \/>\n<meta name=\"twitter:label1\" content=\"Dur\u00e9e de lecture estim\u00e9e\" \/>\n\t<meta name=\"twitter:data1\" content=\"1 minute\" \/>\n<script type=\"application\/ld+json\" class=\"yoast-schema-graph\">{\"@context\":\"https:\/\/schema.org\",\"@graph\":[{\"@type\":\"WebPage\",\"@id\":\"https:\/\/zadishome.com\/index.php\/product\/bougie-decorative-archy-arche-en-cire-de-soja\/\",\"url\":\"https:\/\/zadishome.com\/index.php\/product\/bougie-decorative-archy-arche-en-cire-de-soja\/\",\"name\":\"Bougie d\u00e9corative Archy \u2013 Arche en Cire de Soja - ZADISHOME\",\"isPartOf\":{\"@id\":\"https:\/\/zadishome.com\/#website\"},\"primaryImageOfPage\":{\"@id\":\"https:\/\/zadishome.com\/index.php\/product\/bougie-decorative-archy-arche-en-cire-de-soja\/#primaryimage\"},\"image\":{\"@id\":\"https:\/\/zadishome.com\/index.php\/product\/bougie-decorative-archy-arche-en-cire-de-soja\/#primaryimage\"},\"thumbnailUrl\":\"https:\/\/zadishome.com\/wp-content\/uploads\/2025\/09\/20250804_194722-scaled.jpg\",\"datePublished\":\"2025-09-04T09:44:50+00:00\",\"dateModified\":\"2025-09-04T10:14:36+00:00\",\"description\":\"Bougie Archy 200g en cire de soja naturelle \u2013 Artisanat fran\u00e7ais Mi Cr\u00e9ations RX. \u00c9l\u00e9gante, moderne et \u00e9coresponsable, cette bougie design est parfaite comme objet d\u00e9co ou id\u00e9e cadeau. Disponible sur Zadishome et micreationsrx.com.\",\"breadcrumb\":{\"@id\":\"https:\/\/zadishome.com\/index.php\/product\/bougie-decorative-archy-arche-en-cire-de-soja\/#breadcrumb\"},\"inLanguage\":\"fr-FR\",\"potentialAction\":[{\"@type\":\"ReadAction\",\"target\":[\"https:\/\/zadishome.com\/index.php\/product\/bougie-decorative-archy-arche-en-cire-de-soja\/\"]}]},{\"@type\":\"ImageObject\",\"inLanguage\":\"fr-FR\",\"@id\":\"https:\/\/zadishome.com\/index.php\/product\/bougie-decorative-archy-arche-en-cire-de-soja\/#primaryimage\",\"url\":\"https:\/\/zadishome.com\/wp-content\/uploads\/2025\/09\/20250804_194722-scaled.jpg\",\"contentUrl\":\"https:\/\/zadishome.com\/wp-content\/uploads\/2025\/09\/20250804_194722-scaled.jpg\",\"width\":1920,\"height\":2560},{\"@type\":\"BreadcrumbList\",\"@id\":\"https:\/\/zadishome.com\/index.php\/product\/bougie-decorative-archy-arche-en-cire-de-soja\/#breadcrumb\",\"itemListElement\":[{\"@type\":\"ListItem\",\"position\":1,\"name\":\"Accueil\",\"item\":\"https:\/\/zadishome.com\/\"},{\"@type\":\"ListItem\",\"position\":2,\"name\":\"Boutique\",\"item\":\"https:\/\/zadishome.com\/index.php\/boutique\/\"},{\"@type\":\"ListItem\",\"position\":3,\"name\":\"Bougie d\u00e9corative Archy \u2013 Arche en Cire de Soja\"}]},{\"@type\":\"WebSite\",\"@id\":\"https:\/\/zadishome.com\/#website\",\"url\":\"https:\/\/zadishome.com\/\",\"name\":\"Zadishome\",\"description\":\"Le temple des artisans\",\"publisher\":{\"@id\":\"https:\/\/zadishome.com\/#organization\"},\"potentialAction\":[{\"@type\":\"SearchAction\",\"target\":{\"@type\":\"EntryPoint\",\"urlTemplate\":\"https:\/\/zadishome.com\/?s={search_term_string}\"},\"query-input\":{\"@type\":\"PropertyValueSpecification\",\"valueRequired\":true,\"valueName\":\"search_term_string\"}}],\"inLanguage\":\"fr-FR\"},{\"@type\":\"Organization\",\"@id\":\"https:\/\/zadishome.com\/#organization\",\"name\":\"Zadishome\",\"url\":\"https:\/\/zadishome.com\/\",\"logo\":{\"@type\":\"ImageObject\",\"inLanguage\":\"fr-FR\",\"@id\":\"https:\/\/zadishome.com\/#\/schema\/logo\/image\/\",\"url\":\"https:\/\/zadishome.com\/wp-content\/uploads\/2025\/04\/cropped-logo-zadishome-png.png\",\"contentUrl\":\"https:\/\/zadishome.com\/wp-content\/uploads\/2025\/04\/cropped-logo-zadishome-png.png\",\"width\":512,\"height\":512,\"caption\":\"Zadishome\"},\"image\":{\"@id\":\"https:\/\/zadishome.com\/#\/schema\/logo\/image\/\"},\"sameAs\":[\"https:\/\/www.instagram.com\/zadishome_com\/\"]}]}<\/script>\n<!-- \/ Yoast SEO plugin. -->","yoast_head_json":{"title":"Bougie d\u00e9corative Archy \u2013 Arche en Cire de Soja - ZADISHOME","description":"Bougie Archy 200g en cire de soja naturelle \u2013 Artisanat fran\u00e7ais Mi Cr\u00e9ations RX. \u00c9l\u00e9gante, moderne et \u00e9coresponsable, cette bougie design est parfaite comme objet d\u00e9co ou id\u00e9e cadeau. Disponible sur Zadishome et micreationsrx.com.","robots":{"index":"index","follow":"follow","max-snippet":"max-snippet:-1","max-image-preview":"max-image-preview:large","max-video-preview":"max-video-preview:-1"},"canonical":"https:\/\/zadishome.com\/index.php\/product\/bougie-decorative-archy-arche-en-cire-de-soja\/","og_locale":"fr_FR","og_type":"article","og_title":"Bougie d\u00e9corative Archy \u2013 Arche en Cire de Soja - ZADISHOME","og_description":"Bougie Archy 200g en cire de soja naturelle \u2013 Artisanat fran\u00e7ais Mi Cr\u00e9ations RX. \u00c9l\u00e9gante, moderne et \u00e9coresponsable, cette bougie design est parfaite comme objet d\u00e9co ou id\u00e9e cadeau. Disponible sur Zadishome et micreationsrx.com.","og_url":"https:\/\/zadishome.com\/index.php\/product\/bougie-decorative-archy-arche-en-cire-de-soja\/","og_site_name":"ZADISHOME","article_modified_time":"2025-09-04T10:14:36+00:00","og_image":[{"width":1920,"height":2560,"url":"https:\/\/zadishome.com\/wp-content\/uploads\/2025\/09\/20250804_194722-scaled.jpg","type":"image\/jpeg"}],"twitter_card":"summary_large_image","twitter_misc":{"Dur\u00e9e de lecture estim\u00e9e":"1 minute"},"schema":{"@context":"https:\/\/schema.org","@graph":[{"@type":"WebPage","@id":"https:\/\/zadishome.com\/index.php\/product\/bougie-decorative-archy-arche-en-cire-de-soja\/","url":"https:\/\/zadishome.com\/index.php\/product\/bougie-decorative-archy-arche-en-cire-de-soja\/","name":"Bougie d\u00e9corative Archy \u2013 Arche en Cire de Soja - ZADISHOME","isPartOf":{"@id":"https:\/\/zadishome.com\/#website"},"primaryImageOfPage":{"@id":"https:\/\/zadishome.com\/index.php\/product\/bougie-decorative-archy-arche-en-cire-de-soja\/#primaryimage"},"image":{"@id":"https:\/\/zadishome.com\/index.php\/product\/bougie-decorative-archy-arche-en-cire-de-soja\/#primaryimage"},"thumbnailUrl":"https:\/\/zadishome.com\/wp-content\/uploads\/2025\/09\/20250804_194722-scaled.jpg","datePublished":"2025-09-04T09:44:50+00:00","dateModified":"2025-09-04T10:14:36+00:00","description":"Bougie Archy 200g en cire de soja naturelle \u2013 Artisanat fran\u00e7ais Mi Cr\u00e9ations RX. \u00c9l\u00e9gante, moderne et \u00e9coresponsable, cette bougie design est parfaite comme objet d\u00e9co ou id\u00e9e cadeau. Disponible sur Zadishome et micreationsrx.com.","breadcrumb":{"@id":"https:\/\/zadishome.com\/index.php\/product\/bougie-decorative-archy-arche-en-cire-de-soja\/#breadcrumb"},"inLanguage":"fr-FR","potentialAction":[{"@type":"ReadAction","target":["https:\/\/zadishome.com\/index.php\/product\/bougie-decorative-archy-arche-en-cire-de-soja\/"]}]},{"@type":"ImageObject","inLanguage":"fr-FR","@id":"https:\/\/zadishome.com\/index.php\/product\/bougie-decorative-archy-arche-en-cire-de-soja\/#primaryimage","url":"https:\/\/zadishome.com\/wp-content\/uploads\/2025\/09\/20250804_194722-scaled.jpg","contentUrl":"https:\/\/zadishome.com\/wp-content\/uploads\/2025\/09\/20250804_194722-scaled.jpg","width":1920,"height":2560},{"@type":"BreadcrumbList","@id":"https:\/\/zadishome.com\/index.php\/product\/bougie-decorative-archy-arche-en-cire-de-soja\/#breadcrumb","itemListElement":[{"@type":"ListItem","position":1,"name":"Accueil","item":"https:\/\/zadishome.com\/"},{"@type":"ListItem","position":2,"name":"Boutique","item":"https:\/\/zadishome.com\/index.php\/boutique\/"},{"@type":"ListItem","position":3,"name":"Bougie d\u00e9corative Archy \u2013 Arche en Cire de Soja"}]},{"@type":"WebSite","@id":"https:\/\/zadishome.com\/#website","url":"https:\/\/zadishome.com\/","name":"Zadishome","description":"Le temple des artisans","publisher":{"@id":"https:\/\/zadishome.com\/#organization"},"potentialAction":[{"@type":"SearchAction","target":{"@type":"EntryPoint","urlTemplate":"https:\/\/zadishome.com\/?s={search_term_string}"},"query-input":{"@type":"PropertyValueSpecification","valueRequired":true,"valueName":"search_term_string"}}],"inLanguage":"fr-FR"},{"@type":"Organization","@id":"https:\/\/zadishome.com\/#organization","name":"Zadishome","url":"https:\/\/zadishome.com\/","logo":{"@type":"ImageObject","inLanguage":"fr-FR","@id":"https:\/\/zadishome.com\/#\/schema\/logo\/image\/","url":"https:\/\/zadishome.com\/wp-content\/uploads\/2025\/04\/cropped-logo-zadishome-png.png","contentUrl":"https:\/\/zadishome.com\/wp-content\/uploads\/2025\/04\/cropped-logo-zadishome-png.png","width":512,"height":512,"caption":"Zadishome"},"image":{"@id":"https:\/\/zadishome.com\/#\/schema\/logo\/image\/"},"sameAs":["https:\/\/www.instagram.com\/zadishome_com\/"]}]}},"_links":{"self":[{"href":"https:\/\/zadishome.com\/index.php\/wp-json\/wp\/v2\/product\/1572","targetHints":{"allow":["GET"]}}],"collection":[{"href":"https:\/\/zadishome.com\/index.php\/wp-json\/wp\/v2\/product"}],"about":[{"href":"https:\/\/zadishome.com\/index.php\/wp-json\/wp\/v2\/types\/product"}],"replies":[{"embeddable":true,"href":"https:\/\/zadishome.com\/index.php\/wp-json\/wp\/v2\/comments?post=1572"}],"wp:featuredmedia":[{"embeddable":true,"href":"https:\/\/zadishome.com\/index.php\/wp-json\/wp\/v2\/media\/1575"}],"wp:attachment":[{"href":"https:\/\/zadishome.com\/index.php\/wp-json\/wp\/v2\/media?parent=1572"}],"wp:term":[{"taxonomy":"product_brand","embeddable":true,"href":"https:\/\/zadishome.com\/index.php\/wp-json\/wp\/v2\/product_brand?post=1572"},{"taxonomy":"product_cat","embeddable":true,"href":"https:\/\/zadishome.com\/index.php\/wp-json\/wp\/v2\/product_cat?post=1572"},{"taxonomy":"product_tag","embeddable":true,"href":"https:\/\/zadishome.com\/index.php\/wp-json\/wp\/v2\/product_tag?post=1572"}],"curies":[{"name":"wp","href":"https:\/\/api.w.org\/{rel}","templated":true}]}}