{"id":1555,"date":"2025-09-02T09:32:04","date_gmt":"2025-09-02T07:32:04","guid":{"rendered":"https:\/\/zadishome.com\/?post_type=product&#038;p=1555"},"modified":"2025-09-02T09:35:10","modified_gmt":"2025-09-02T07:35:10","slug":"boite-a-bijoux","status":"publish","type":"product","link":"https:\/\/zadishome.com\/index.php\/product\/boite-a-bijoux\/","title":{"rendered":"Boite \u00e0 bijoux"},"content":{"rendered":"<p data-start=\"240\" data-end=\"392\">Offrez \u00e0 vos bijoux un \u00e9crin d\u2019exception avec cette \u00e9l\u00e9gante bo\u00eete \u00e0 bijoux en deux parties, con\u00e7ue avec soin dans le respect du savoir-faire artisanal.<\/p>\n<p data-start=\"394\" data-end=\"589\"><strong data-start=\"394\" data-end=\"427\">Design raffin\u00e9 et fonctionnel<\/strong><br data-start=\"427\" data-end=\"430\">Dot\u00e9e de huit tiroirs, cette pi\u00e8ce allie esth\u00e9tique et praticit\u00e9 pour organiser avec style vos colliers, bagues, boucles d\u2019oreilles et autres tr\u00e9sors.<\/p>\n<p data-start=\"591\" data-end=\"625\"><strong data-start=\"591\" data-end=\"623\">Mat\u00e9riaux nobles et durables<\/strong><\/p>\n<ul data-start=\"626\" data-end=\"892\">\n<li data-start=\"626\" data-end=\"742\">\n<p data-start=\"628\" data-end=\"742\">Fa\u00e7ade en noyer massif, s\u00e9lectionn\u00e9 pour son veinage naturel unique, faisant de chaque bo\u00eete un mod\u00e8le exclusif.<\/p>\n<\/li>\n<li data-start=\"743\" data-end=\"799\">\n<p data-start=\"745\" data-end=\"799\">Fond et structure en sapin, bois l\u00e9ger et r\u00e9sistant.<\/p>\n<\/li>\n<li data-start=\"800\" data-end=\"892\">\n<p data-start=\"802\" data-end=\"892\">Finition \u00e0 l\u2019huile dure, pour une protection naturelle tout en sublimant l\u2019aspect du bois.<\/p>\n<\/li>\n<\/ul>\n<p data-start=\"894\" data-end=\"1055\"><strong data-start=\"894\" data-end=\"908\">Dimensions<\/strong><br data-start=\"908\" data-end=\"911\">Compacte et \u00e9l\u00e9gante : environ 30 cm de hauteur, 20 cm de largeur et 11 cm de profondeur. Id\u00e9ale pour une commode, une \u00e9tag\u00e8re ou une coiffeuse.<\/p>\n<p data-start=\"1057\" data-end=\"1257\"><strong data-start=\"1057\" data-end=\"1083\">Fabrication artisanale<\/strong><br data-start=\"1083\" data-end=\"1086\">Chaque bo\u00eete est r\u00e9alis\u00e9e \u00e0 la main avec une attention particuli\u00e8re port\u00e9e aux d\u00e9tails et \u00e0 la qualit\u00e9 du bois. Une cr\u00e9ation unique, \u00e0 la fois d\u00e9corative et fonctionnelle.<\/p>\n<p data-start=\"1259\" data-end=\"1489\"><strong data-start=\"1259\" data-end=\"1302\">Cadeau original, d\u00e9coration d\u2019exception<\/strong><br data-start=\"1302\" data-end=\"1305\">Parfait pour offrir ou se faire plaisir, cet objet incarne l\u2019\u00e9l\u00e9gance artisanale et la singularit\u00e9 du fait-main. Une pi\u00e8ce qui trouvera naturellement sa place dans un int\u00e9rieur soign\u00e9.<\/p>\n","protected":false},"excerpt":{"rendered":"<p><\/p>\n","protected":false},"featured_media":1544,"comment_status":"open","ping_status":"closed","template":"","meta":{"_acf_changed":false},"product_brand":[],"product_cat":[123,127],"product_tag":[],"class_list":{"0":"post-1555","1":"product","2":"type-product","3":"status-publish","4":"has-post-thumbnail","6":"product_cat-art","7":"product_cat-matieres","8":"product_shipping_class-colis-leger","10":"first","11":"instock","12":"taxable","13":"shipping-taxable","14":"purchasable","15":"product-type-simple"},"acf":[],"yoast_head":"<!-- This site is optimized with the Yoast SEO plugin v25.7 - https:\/\/yoast.com\/wordpress\/plugins\/seo\/ -->\n<title>Boite \u00e0 bijoux - ZADISHOME<\/title>\n<meta name=\"robots\" content=\"index, follow, max-snippet:-1, max-image-preview:large, max-video-preview:-1\" \/>\n<link rel=\"canonical\" href=\"https:\/\/zadishome.com\/index.php\/product\/boite-a-bijoux\/\" \/>\n<meta property=\"og:locale\" content=\"fr_FR\" \/>\n<meta property=\"og:type\" content=\"article\" \/>\n<meta property=\"og:title\" content=\"Boite \u00e0 bijoux - ZADISHOME\" \/>\n<meta property=\"og:url\" content=\"https:\/\/zadishome.com\/index.php\/product\/boite-a-bijoux\/\" \/>\n<meta property=\"og:site_name\" content=\"ZADISHOME\" \/>\n<meta property=\"article:modified_time\" content=\"2025-09-02T07:35:10+00:00\" \/>\n<meta property=\"og:image\" content=\"https:\/\/zadishome.com\/wp-content\/uploads\/2025\/09\/14.jpg\" \/>\n\t<meta property=\"og:image:width\" content=\"600\" \/>\n\t<meta property=\"og:image:height\" content=\"800\" \/>\n\t<meta property=\"og:image:type\" content=\"image\/jpeg\" \/>\n<meta name=\"twitter:card\" content=\"summary_large_image\" \/>\n<meta name=\"twitter:label1\" content=\"Dur\u00e9e de lecture estim\u00e9e\" \/>\n\t<meta name=\"twitter:data1\" content=\"1 minute\" \/>\n<script type=\"application\/ld+json\" class=\"yoast-schema-graph\">{\"@context\":\"https:\/\/schema.org\",\"@graph\":[{\"@type\":\"WebPage\",\"@id\":\"https:\/\/zadishome.com\/index.php\/product\/boite-a-bijoux\/\",\"url\":\"https:\/\/zadishome.com\/index.php\/product\/boite-a-bijoux\/\",\"name\":\"Boite \u00e0 bijoux - ZADISHOME\",\"isPartOf\":{\"@id\":\"https:\/\/zadishome.com\/#website\"},\"primaryImageOfPage\":{\"@id\":\"https:\/\/zadishome.com\/index.php\/product\/boite-a-bijoux\/#primaryimage\"},\"image\":{\"@id\":\"https:\/\/zadishome.com\/index.php\/product\/boite-a-bijoux\/#primaryimage\"},\"thumbnailUrl\":\"https:\/\/zadishome.com\/wp-content\/uploads\/2025\/09\/14.jpg\",\"datePublished\":\"2025-09-02T07:32:04+00:00\",\"dateModified\":\"2025-09-02T07:35:10+00:00\",\"breadcrumb\":{\"@id\":\"https:\/\/zadishome.com\/index.php\/product\/boite-a-bijoux\/#breadcrumb\"},\"inLanguage\":\"fr-FR\",\"potentialAction\":[{\"@type\":\"ReadAction\",\"target\":[\"https:\/\/zadishome.com\/index.php\/product\/boite-a-bijoux\/\"]}]},{\"@type\":\"ImageObject\",\"inLanguage\":\"fr-FR\",\"@id\":\"https:\/\/zadishome.com\/index.php\/product\/boite-a-bijoux\/#primaryimage\",\"url\":\"https:\/\/zadishome.com\/wp-content\/uploads\/2025\/09\/14.jpg\",\"contentUrl\":\"https:\/\/zadishome.com\/wp-content\/uploads\/2025\/09\/14.jpg\",\"width\":600,\"height\":800},{\"@type\":\"BreadcrumbList\",\"@id\":\"https:\/\/zadishome.com\/index.php\/product\/boite-a-bijoux\/#breadcrumb\",\"itemListElement\":[{\"@type\":\"ListItem\",\"position\":1,\"name\":\"Accueil\",\"item\":\"https:\/\/zadishome.com\/\"},{\"@type\":\"ListItem\",\"position\":2,\"name\":\"Boutique\",\"item\":\"https:\/\/zadishome.com\/index.php\/boutique\/\"},{\"@type\":\"ListItem\",\"position\":3,\"name\":\"Boite \u00e0 bijoux\"}]},{\"@type\":\"WebSite\",\"@id\":\"https:\/\/zadishome.com\/#website\",\"url\":\"https:\/\/zadishome.com\/\",\"name\":\"Zadishome\",\"description\":\"Le temple des artisans\",\"publisher\":{\"@id\":\"https:\/\/zadishome.com\/#organization\"},\"potentialAction\":[{\"@type\":\"SearchAction\",\"target\":{\"@type\":\"EntryPoint\",\"urlTemplate\":\"https:\/\/zadishome.com\/?s={search_term_string}\"},\"query-input\":{\"@type\":\"PropertyValueSpecification\",\"valueRequired\":true,\"valueName\":\"search_term_string\"}}],\"inLanguage\":\"fr-FR\"},{\"@type\":\"Organization\",\"@id\":\"https:\/\/zadishome.com\/#organization\",\"name\":\"Zadishome\",\"url\":\"https:\/\/zadishome.com\/\",\"logo\":{\"@type\":\"ImageObject\",\"inLanguage\":\"fr-FR\",\"@id\":\"https:\/\/zadishome.com\/#\/schema\/logo\/image\/\",\"url\":\"https:\/\/zadishome.com\/wp-content\/uploads\/2025\/04\/cropped-logo-zadishome-png.png\",\"contentUrl\":\"https:\/\/zadishome.com\/wp-content\/uploads\/2025\/04\/cropped-logo-zadishome-png.png\",\"width\":512,\"height\":512,\"caption\":\"Zadishome\"},\"image\":{\"@id\":\"https:\/\/zadishome.com\/#\/schema\/logo\/image\/\"},\"sameAs\":[\"https:\/\/www.instagram.com\/zadishome_com\/\"]}]}<\/script>\n<!-- \/ Yoast SEO plugin. -->","yoast_head_json":{"title":"Boite \u00e0 bijoux - ZADISHOME","robots":{"index":"index","follow":"follow","max-snippet":"max-snippet:-1","max-image-preview":"max-image-preview:large","max-video-preview":"max-video-preview:-1"},"canonical":"https:\/\/zadishome.com\/index.php\/product\/boite-a-bijoux\/","og_locale":"fr_FR","og_type":"article","og_title":"Boite \u00e0 bijoux - ZADISHOME","og_url":"https:\/\/zadishome.com\/index.php\/product\/boite-a-bijoux\/","og_site_name":"ZADISHOME","article_modified_time":"2025-09-02T07:35:10+00:00","og_image":[{"width":600,"height":800,"url":"https:\/\/zadishome.com\/wp-content\/uploads\/2025\/09\/14.jpg","type":"image\/jpeg"}],"twitter_card":"summary_large_image","twitter_misc":{"Dur\u00e9e de lecture estim\u00e9e":"1 minute"},"schema":{"@context":"https:\/\/schema.org","@graph":[{"@type":"WebPage","@id":"https:\/\/zadishome.com\/index.php\/product\/boite-a-bijoux\/","url":"https:\/\/zadishome.com\/index.php\/product\/boite-a-bijoux\/","name":"Boite \u00e0 bijoux - ZADISHOME","isPartOf":{"@id":"https:\/\/zadishome.com\/#website"},"primaryImageOfPage":{"@id":"https:\/\/zadishome.com\/index.php\/product\/boite-a-bijoux\/#primaryimage"},"image":{"@id":"https:\/\/zadishome.com\/index.php\/product\/boite-a-bijoux\/#primaryimage"},"thumbnailUrl":"https:\/\/zadishome.com\/wp-content\/uploads\/2025\/09\/14.jpg","datePublished":"2025-09-02T07:32:04+00:00","dateModified":"2025-09-02T07:35:10+00:00","breadcrumb":{"@id":"https:\/\/zadishome.com\/index.php\/product\/boite-a-bijoux\/#breadcrumb"},"inLanguage":"fr-FR","potentialAction":[{"@type":"ReadAction","target":["https:\/\/zadishome.com\/index.php\/product\/boite-a-bijoux\/"]}]},{"@type":"ImageObject","inLanguage":"fr-FR","@id":"https:\/\/zadishome.com\/index.php\/product\/boite-a-bijoux\/#primaryimage","url":"https:\/\/zadishome.com\/wp-content\/uploads\/2025\/09\/14.jpg","contentUrl":"https:\/\/zadishome.com\/wp-content\/uploads\/2025\/09\/14.jpg","width":600,"height":800},{"@type":"BreadcrumbList","@id":"https:\/\/zadishome.com\/index.php\/product\/boite-a-bijoux\/#breadcrumb","itemListElement":[{"@type":"ListItem","position":1,"name":"Accueil","item":"https:\/\/zadishome.com\/"},{"@type":"ListItem","position":2,"name":"Boutique","item":"https:\/\/zadishome.com\/index.php\/boutique\/"},{"@type":"ListItem","position":3,"name":"Boite \u00e0 bijoux"}]},{"@type":"WebSite","@id":"https:\/\/zadishome.com\/#website","url":"https:\/\/zadishome.com\/","name":"Zadishome","description":"Le temple des artisans","publisher":{"@id":"https:\/\/zadishome.com\/#organization"},"potentialAction":[{"@type":"SearchAction","target":{"@type":"EntryPoint","urlTemplate":"https:\/\/zadishome.com\/?s={search_term_string}"},"query-input":{"@type":"PropertyValueSpecification","valueRequired":true,"valueName":"search_term_string"}}],"inLanguage":"fr-FR"},{"@type":"Organization","@id":"https:\/\/zadishome.com\/#organization","name":"Zadishome","url":"https:\/\/zadishome.com\/","logo":{"@type":"ImageObject","inLanguage":"fr-FR","@id":"https:\/\/zadishome.com\/#\/schema\/logo\/image\/","url":"https:\/\/zadishome.com\/wp-content\/uploads\/2025\/04\/cropped-logo-zadishome-png.png","contentUrl":"https:\/\/zadishome.com\/wp-content\/uploads\/2025\/04\/cropped-logo-zadishome-png.png","width":512,"height":512,"caption":"Zadishome"},"image":{"@id":"https:\/\/zadishome.com\/#\/schema\/logo\/image\/"},"sameAs":["https:\/\/www.instagram.com\/zadishome_com\/"]}]}},"_links":{"self":[{"href":"https:\/\/zadishome.com\/index.php\/wp-json\/wp\/v2\/product\/1555","targetHints":{"allow":["GET"]}}],"collection":[{"href":"https:\/\/zadishome.com\/index.php\/wp-json\/wp\/v2\/product"}],"about":[{"href":"https:\/\/zadishome.com\/index.php\/wp-json\/wp\/v2\/types\/product"}],"replies":[{"embeddable":true,"href":"https:\/\/zadishome.com\/index.php\/wp-json\/wp\/v2\/comments?post=1555"}],"wp:featuredmedia":[{"embeddable":true,"href":"https:\/\/zadishome.com\/index.php\/wp-json\/wp\/v2\/media\/1544"}],"wp:attachment":[{"href":"https:\/\/zadishome.com\/index.php\/wp-json\/wp\/v2\/media?parent=1555"}],"wp:term":[{"taxonomy":"product_brand","embeddable":true,"href":"https:\/\/zadishome.com\/index.php\/wp-json\/wp\/v2\/product_brand?post=1555"},{"taxonomy":"product_cat","embeddable":true,"href":"https:\/\/zadishome.com\/index.php\/wp-json\/wp\/v2\/product_cat?post=1555"},{"taxonomy":"product_tag","embeddable":true,"href":"https:\/\/zadishome.com\/index.php\/wp-json\/wp\/v2\/product_tag?post=1555"}],"curies":[{"name":"wp","href":"https:\/\/api.w.org\/{rel}","templated":true}]}}